{"id":270,"date":"2022-08-22T23:04:36","date_gmt":"2022-08-22T21:04:36","guid":{"rendered":"https:\/\/nesokonomi.no\/?page_id=270"},"modified":"2022-08-26T16:48:56","modified_gmt":"2022-08-26T14:48:56","slug":"okonomisystemer","status":"publish","type":"page","link":"https:\/\/nesokonomi.no\/index.php\/okonomisystemer\/","title":{"rendered":"\u00d8konomisystemer"},"content":{"rendered":"\n<p>Vi er sertifiserte partnere i Visma eAccounting og Tripletex, men kjenner ogs\u00e5 til andre regnskapsprogrammer som Fiken, Poweroffice og               e-conomic. Ved spesielle \u00f8nsker kan vi enkelt sette oss inn i flere \u00f8konomisystemer ogs\u00e5. <\/p>\n\n\n\n<p>I tillegg benytter vi og har sertifisering i l\u00f8nnsprogrammet Visma eAccounting Payroll. <\/p>\n\n\n\n<p>Se informasjon fra <a href=\"http:\/\/www.tripletex.no\">Tripletex<\/a> og <a href=\"http:\/\/visma.no\/eaccounting\/\">Visma eAccounting<\/a> under.<\/p>\n\n\n\n<p><\/p>\n\n\n\n<h2 class=\"wp-block-heading\">Tripletex<\/h2>\n\n\n\n<figure class=\"wp-block-image size-full\"><img loading=\"lazy\" decoding=\"async\" width=\"855\" height=\"288\" src=\"https:\/\/nesokonomi.no\/wp-content\/uploads\/2022\/08\/image.png\" alt=\"\" class=\"wp-image-294\" srcset=\"https:\/\/nesokonomi.no\/wp-content\/uploads\/2022\/08\/image.png 855w, https:\/\/nesokonomi.no\/wp-content\/uploads\/2022\/08\/image-300x101.png 300w, https:\/\/nesokonomi.no\/wp-content\/uploads\/2022\/08\/image-768x259.png 768w\" sizes=\"(max-width: 855px) 100vw, 855px\" \/><\/figure>\n\n\n\n<p>Les mer p\u00e5 <a href=\"http:\/\/www.tripletex.no\">www.tripletex.no<\/a><\/p>\n\n\n\n<h3 class=\"wp-block-heading\">Tripletex forenkler hverdagen for sm\u00e5 og melllomstore bedrifter i alle bransjer.<\/h3>\n\n\n\n<p>Tripletex er et skybasert og fleksibelt \u00f8konomisystem, som enkelt kan tilpasses din bedrifts rutiner. Med automatiske betalingsl\u00f8sninger, effektiv bilagsregistrering og enkel rollefordeling mellom deg og oss som regnskapsf\u00f8rer, f\u00e5r du et system som gir full kontroll over din bedrifts regnskap og \u00f8konomi.<\/p>\n\n\n\n<h3 class=\"wp-block-heading\"><a><\/a>Regnskapssystem i skyen, p\u00e5 en enkel og bedre m\u00e5te<\/h3>\n\n\n\n<p>I utviklingen av Tripletex har man fokusert p\u00e5 \u00e5 lage et mest mulig tilgjengelig, stabilt og brukervennlig \u00f8konomisystem. Du kan glede deg til \u00e5 ta i bruk f\u00f8lgende funksjonalitet:<\/p>\n\n\n\n<ul><li>Tilgang overalt, b\u00e5de p\u00e5 PC og mobil<\/li><li>Enkle og delvis automatiserte prosesser for timef\u00f8ring, reiseregning og utleggsf\u00f8ring<\/li><li>Automatiske betalingsl\u00f8sninger &#8211; du kan f\u00f8re og betale regninger i \u00e9n operasjon<\/li><li>Elektronisk utsendelse av faktura og offentlige oppgaver<\/li><li>Effektiv elektronisk bilagsregistrering<\/li><li>Oversiktlig rapportering<\/li><li>S\u00f8ml\u00f8s integrasjon mellom handlingene i systemet<\/li><\/ul>\n\n\n\n<h3 class=\"wp-block-heading\"><a><\/a>S\u00f8ml\u00f8st samarbeid med regnskapsf\u00f8rer<\/h3>\n\n\n\n<p>Tradisjonelt sett har regnskapsf\u00f8rere og kunder samarbeidet lite om regnskapsf\u00f8ring. Ofte har ikke kunden engang hatt tilgang til systemet, og dermed g\u00e5tt glipp av en viktig mulighet til \u00e5 kontrollere og analysere egne data.<\/p>\n\n\n\n<p>Med Tripletex, derimot, vil vi sammen sette opp en enkel rollefordeling mellom dere som kunde og oss som regnskapsf\u00f8rer, og jobbe sammen i systemet. P\u00e5 denne m\u00e5ten kan vi definere grensene for samarbeidet basert p\u00e5 din bedrifts behov.<\/p>\n\n\n\n<h3 class=\"wp-block-heading\"><a><\/a>Et komplett skybasert \u00f8konomisystem-<\/h3>\n\n\n\n<p>Tripletex best\u00e5r av mange ulike moduler og tilleggstjenester, og du velger selv hvilke du vil bruke. Alle modulene er s\u00f8ml\u00f8st integrert med hverandre, og p\u00e5 denne m\u00e5ten passer Tripletex for alle \u2013 fra de aller minste til de st\u00f8rre bedriftene. Og best av alt: du betaler kun for det du trenger!<\/p>\n\n\n\n<p>Her finner du mer informasjon om de viktigste modulene og funksjonene i Tripletex.<\/p>\n\n\n\n<h4 class=\"wp-block-heading\"><a><\/a>Regnskap og faktura<\/h4>\n\n\n\n<p>Med Tripletex sitt enkle brukergrensesnitt har du alltid full kontroll over bedriftens regnskap. Bruk fakturamodulen til \u00e5 enkelt opprette ordre og sende ut fakturaer p\u00e5 \u00f8nsket format.<\/p>\n\n\n\n<h4 class=\"wp-block-heading\"><a><\/a>L\u00f8nn og reiseregning<\/h4>\n\n\n\n<p>Tripletex\u2019 funksjonelle l\u00f8nnssystem sparer bedriften for kostnader og legger til rette for enkle og oversiktlige l\u00f8nnsutbetalinger. Det hele gj\u00f8res ut fra dine behov.<\/p>\n\n\n\n<p>Med Tripletex reiseregning kan du f\u00f8re godtgj\u00f8relser og utlegg i samme skjema, og du kan laste opp kvitteringene som vedlegg. Du bestemmer selv n\u00e5r reiseregningen skal utbetales.<\/p>\n\n\n\n<h4 class=\"wp-block-heading\"><a><\/a>Prosjektstyring og timeregistrering<\/h4>\n\n\n\n<p>Med prosjektstyring kan du enkelt opprette prosjekter med prosjektdeltakere, kunder, ordre og fakturaplaner. I tillegg kan du f\u00f8lge prosjektets utvikling helt automatisk.<\/p>\n\n\n\n<h4 class=\"wp-block-heading\"><a><\/a>Tilleggstjenester<\/h4>\n\n\n\n<p>I Tripletex kan du enkelt aktivere de tilleggstjenestene du trenger for utvide funksjonalitet og tilpasse systemet til din bedrifts behov. P\u00e5 den m\u00e5ten f\u00e5r du akkurat det systemet du \u00f8nsker deg. Eksempler p\u00e5 tilleggstjenester som kan aktiveres er:<\/p>\n\n\n\n<ul><li><strong>Elektronisk bilagsmottak<\/strong> &#8211; Scann\/mail inn alle bilag rett i kontoen din og f\u00e5 et heldigitalt regnskap<\/li><li><strong>Direkte remittering <\/strong>&#8211; F\u00f8r bilag og betal regningen i en og samme operasjon direkte fra Tripletex<\/li><li><strong>eFaktura\/EHF &#8211;&nbsp; <\/strong>Send elektroniske fakturaer klare til betaling i kundens nettbank\/\u00f8konomisystem og \u00f8k sannsynligheten for \u00e5 f\u00e5 betalt i tide<\/li><li><strong>KID-nummer p\u00e5 faktura &#8211;<\/strong> Spar tid ved \u00e5 redusere manuelt arbeid forbundet med betalingsoppf\u00f8lging<\/li><\/ul>\n\n\n\n<p><\/p>\n\n\n\n<p><\/p>\n\n\n\n<p><\/p>\n\n\n\n<h2 class=\"wp-block-heading\">Visma eAccounting<\/h2>\n\n\n\n<figure class=\"wp-block-image size-large\"><img loading=\"lazy\" decoding=\"async\" width=\"1024\" height=\"524\" src=\"https:\/\/nesokonomi.no\/wp-content\/uploads\/2022\/08\/eAccounting_logo_tagline-1024x524.jpg\" alt=\"\" class=\"wp-image-283\" srcset=\"https:\/\/nesokonomi.no\/wp-content\/uploads\/2022\/08\/eAccounting_logo_tagline-1024x524.jpg 1024w, https:\/\/nesokonomi.no\/wp-content\/uploads\/2022\/08\/eAccounting_logo_tagline-300x154.jpg 300w, https:\/\/nesokonomi.no\/wp-content\/uploads\/2022\/08\/eAccounting_logo_tagline-768x393.jpg 768w, https:\/\/nesokonomi.no\/wp-content\/uploads\/2022\/08\/eAccounting_logo_tagline.jpg 1096w\" sizes=\"(max-width: 1024px) 100vw, 1024px\" \/><\/figure>\n\n\n\n<p>Les mer her: <a href=\"https:\/\/www.visma.no\/eaccounting\/\">Enkelt og billig regnskaps\u00adprogram |\u00a0Pr\u00f8v gratis &#8211; Visma<\/a><\/p>\n\n\n\n<h3 class=\"wp-block-heading\">Visma eAccounting &#8211; Smart regnskap, helt enkelt<\/h3>\n\n\n\n<p>Visma eAccounting er et smart og enkelt regnskapsprogram for sm\u00e5<br>bedrifter. Programmet har en rekke smarte funksjoner og automatikk som<br>forenkler dine daglige oppgaver, slik at du kan bruke mer tid p\u00e5 bedriften<br>og mindre p\u00e5 regnskap.<br>Visma eAccounting er et komplett, nettbasert regnskapsprogram som<br>dekker alt det som trengs til regnskapet:<br>\u25cf Regnskap, bokf\u00f8ring og MVA-melding<br>\u25cf Faktura i alle format, purring og inkasso<br>\u25cf L\u00f8nn og A-melding<br>\u25cf \u00c5rsoppgj\u00f8r<br>\u25cf Flere andre moduler som kan kobles p\u00e5 f.eks. timeregistrering og<br>tilbud og ordre<br>\u25cf Ha tilgang n\u00e5r og hvor som helst, p\u00e5 alle enheter<br>Med et moderne og intuitivt grensesnitt er programmet laget slik at du<br>kan utf\u00f8re mange regnskapsoppgaver selv, uten \u00e5 ha god kjennskap til<br>regnskap fra f\u00f8r. Visma har gratis teknisk support og tilbyr gratis<br>oppstartshjelp for \u00e5 komme godt i gang.<br>Det er mye automatikk i Visma eAccounting som gj\u00f8r at du kan:<br>\u25cf Koble til din bank og f\u00e5 transaksjoner overf\u00f8rt automatisk<br>\u25cf F\u00e5 bokf\u00f8ringshjelp inne i programmet<br>\u25cf Sende og motta elektroniske faktura som bokf\u00f8res automatisk<br>\u25cf Ta bilde av kvitteringer som tolkes og legges inn i programmet<br>Visma er en stabil og trygg leverand\u00f8r som tar godt vare p\u00e5 dine<br>regnskapsdata.<\/p>\n\n\n\n<h3 class=\"wp-block-heading\">Smart samarbeid<\/h3>\n\n\n\n<p>Selv om Visma eAccounting forenkler regnskapet vet vi at det ikke er alt<br>som er like lett.<br>Derfor er det enkelt \u00e5 samarbeide med oss i samme system. Er det ting<br>du st\u00e5r fast p\u00e5, trenger hjelp til, eller rett og slett ikke har tid til, st\u00e5r vi<br>klare til \u00e5 bist\u00e5 deg. Vi jobber i samme program, med samme data og<br>informasjon. Effektivt for deg &#8211; enkelt for oss!<br>Med et samarbeid i Visma eAccounting:<br>\u25cf Jobber vi i samme system<br>\u25cf Fordeler arbeidet etter \u00f8nske og behov<br>\u25cf Kommuniserer vi direkte i l\u00f8sningen<br>\u25cf Samler og godkjenner vi bilag med mobilapp<br>P\u00e5 denne m\u00e5ten kan vi hjelpe deg med \u00e5 f\u00e5 et oversiktlig og korrekt<br>regnskap som alltid er oppdatert, og som enkelt kan sendes til Altinn.<\/p>\n\n\n\n<h3 class=\"wp-block-heading\">Velg en moderne regnskapsf\u00f8rer<\/h3>\n\n\n\n<p>Visma eAccounting tilrettelegger for en fleksibel arbeidsfordeling hvor du<br>selv kan velge hvor mye du \u00f8nsker \u00e5 gj\u00f8re selv og hvilke oppgaver vi<br>skal ta oss av. La oss ta seg oss av de mest kompliserte oppgavene, og<br>gj\u00f8r selv de oppgavene du er komfortabel med. Vi kan bist\u00e5 med alt fra<br>generell regnskapsf\u00f8ring og bokf\u00f8ring til kvalitetssikring og r\u00e5dgiving. Vi<br>er ogs\u00e5 eksperter p\u00e5 \u00e5rsoppgj\u00f8r som vi vet mange synes er b\u00e5de<br>vanskelig og tidkrevende.<br>Ved \u00e5 samarbeide med oss i Visma eAccounting, er du i trygge hender.<br>Vi kjenner markedet og bransjen du er i, og \u00f8nsker at din bedrift skal<br>lykkes.<br>Et samarbeid med oss gj\u00f8r at du:<br>\u25cf F\u00e5r en r\u00e5dgiver som er lett tilgjengelig for deg<br>\u25cf F\u00e5r kritisk informasjon om, og tolkning av, bedriftens n\u00f8kkeltall<br>\u25cf F\u00e5r tilstrekkelig oppl\u00e6ring i programmet<br>\u25cf F\u00e5r en sparringspartner med fagkompetanse og oppdatert<br>kunnskap p\u00e5 gjeldende lover og regler<\/p>\n\n\n\n<p>Vi har selvf\u00f8lgelig meget konkurransedyktige priser, som avhenger av<br>det totale arbeidsbehovet. Ta kontakt for en uforpliktende prat for \u00e5 finne<br>den beste l\u00f8sningen for din bedrift.<\/p>\n","protected":false},"excerpt":{"rendered":"<p>Vi er sertifiserte partnere i Visma eAccounting og Tripletex, men kjenner ogs\u00e5 til andre regnskapsprogrammer som Fiken, Poweroffice og e-conomic. Ved spesielle \u00f8nsker kan vi enkelt sette oss inn i flere \u00f8konomisystemer ogs\u00e5. I tillegg benytter vi og har sertifisering i l\u00f8nnsprogrammet Visma eAccounting Payroll. Se informasjon fra Tripletex og Visma eAccounting under. Tripletex Les [&hellip;]<\/p>\n","protected":false},"author":1,"featured_media":0,"parent":0,"menu_order":0,"comment_status":"closed","ping_status":"closed","template":"","meta":{"footnotes":""},"yoast_head":"<!-- This site is optimized with the Yoast SEO plugin v19.6.1 - https:\/\/yoast.com\/wordpress\/plugins\/seo\/ -->\n<title>\u00d8konomisystemer -<\/title>\n<meta name=\"robots\" content=\"index, follow, max-snippet:-1, max-image-preview:large, max-video-preview:-1\" \/>\n<link rel=\"canonical\" href=\"https:\/\/nesokonomi.no\/index.php\/okonomisystemer\/\" \/>\n<meta property=\"og:locale\" content=\"nb_NO\" \/>\n<meta property=\"og:type\" content=\"article\" \/>\n<meta property=\"og:title\" content=\"\u00d8konomisystemer -\" \/>\n<meta property=\"og:description\" content=\"Vi er sertifiserte partnere i Visma eAccounting og Tripletex, men kjenner ogs\u00e5 til andre regnskapsprogrammer som Fiken, Poweroffice og e-conomic. Ved spesielle \u00f8nsker kan vi enkelt sette oss inn i flere \u00f8konomisystemer ogs\u00e5. I tillegg benytter vi og har sertifisering i l\u00f8nnsprogrammet Visma eAccounting Payroll. Se informasjon fra Tripletex og Visma eAccounting under. Tripletex Les [&hellip;]\" \/>\n<meta property=\"og:url\" content=\"https:\/\/nesokonomi.no\/index.php\/okonomisystemer\/\" \/>\n<meta property=\"article:modified_time\" content=\"2022-08-26T14:48:56+00:00\" \/>\n<meta property=\"og:image\" content=\"https:\/\/nesokonomi.no\/wp-content\/uploads\/2022\/08\/image.png\" \/>\n<meta name=\"twitter:card\" content=\"summary_large_image\" \/>\n<meta name=\"twitter:label1\" content=\"Ansl. lesetid\" \/>\n\t<meta name=\"twitter:data1\" content=\"7 minutter\" \/>\n<script type=\"application\/ld+json\" class=\"yoast-schema-graph\">{\"@context\":\"https:\/\/schema.org\",\"@graph\":[{\"@type\":\"WebPage\",\"@id\":\"https:\/\/nesokonomi.no\/index.php\/okonomisystemer\/\",\"url\":\"https:\/\/nesokonomi.no\/index.php\/okonomisystemer\/\",\"name\":\"\u00d8konomisystemer -\",\"isPartOf\":{\"@id\":\"https:\/\/nesokonomi.no\/#website\"},\"datePublished\":\"2022-08-22T21:04:36+00:00\",\"dateModified\":\"2022-08-26T14:48:56+00:00\",\"breadcrumb\":{\"@id\":\"https:\/\/nesokonomi.no\/index.php\/okonomisystemer\/#breadcrumb\"},\"inLanguage\":\"nb-NO\",\"potentialAction\":[{\"@type\":\"ReadAction\",\"target\":[\"https:\/\/nesokonomi.no\/index.php\/okonomisystemer\/\"]}]},{\"@type\":\"BreadcrumbList\",\"@id\":\"https:\/\/nesokonomi.no\/index.php\/okonomisystemer\/#breadcrumb\",\"itemListElement\":[{\"@type\":\"ListItem\",\"position\":1,\"name\":\"Hjem\",\"item\":\"https:\/\/nesokonomi.no\/\"},{\"@type\":\"ListItem\",\"position\":2,\"name\":\"\u00d8konomisystemer\"}]},{\"@type\":\"WebSite\",\"@id\":\"https:\/\/nesokonomi.no\/#website\",\"url\":\"https:\/\/nesokonomi.no\/\",\"name\":\"\",\"description\":\"\",\"publisher\":{\"@id\":\"https:\/\/nesokonomi.no\/#organization\"},\"potentialAction\":[{\"@type\":\"SearchAction\",\"target\":{\"@type\":\"EntryPoint\",\"urlTemplate\":\"https:\/\/nesokonomi.no\/?s={search_term_string}\"},\"query-input\":\"required name=search_term_string\"}],\"inLanguage\":\"nb-NO\"},{\"@type\":\"Organization\",\"@id\":\"https:\/\/nesokonomi.no\/#organization\",\"name\":\"Nes \u00d8konomi\",\"url\":\"https:\/\/nesokonomi.no\/\",\"sameAs\":[],\"logo\":{\"@type\":\"ImageObject\",\"inLanguage\":\"nb-NO\",\"@id\":\"https:\/\/nesokonomi.no\/#\/schema\/logo\/image\/\",\"url\":\"https:\/\/nesokonomi.no\/wp-content\/uploads\/2022\/07\/Logo_m_sky-400400.png\",\"contentUrl\":\"https:\/\/nesokonomi.no\/wp-content\/uploads\/2022\/07\/Logo_m_sky-400400.png\",\"width\":400,\"height\":73,\"caption\":\"Nes \u00d8konomi\"},\"image\":{\"@id\":\"https:\/\/nesokonomi.no\/#\/schema\/logo\/image\/\"}}]}<\/script>\n<!-- \/ Yoast SEO plugin. -->","yoast_head_json":{"title":"\u00d8konomisystemer -","robots":{"index":"index","follow":"follow","max-snippet":"max-snippet:-1","max-image-preview":"max-image-preview:large","max-video-preview":"max-video-preview:-1"},"canonical":"https:\/\/nesokonomi.no\/index.php\/okonomisystemer\/","og_locale":"nb_NO","og_type":"article","og_title":"\u00d8konomisystemer -","og_description":"Vi er sertifiserte partnere i Visma eAccounting og Tripletex, men kjenner ogs\u00e5 til andre regnskapsprogrammer som Fiken, Poweroffice og e-conomic. Ved spesielle \u00f8nsker kan vi enkelt sette oss inn i flere \u00f8konomisystemer ogs\u00e5. I tillegg benytter vi og har sertifisering i l\u00f8nnsprogrammet Visma eAccounting Payroll. Se informasjon fra Tripletex og Visma eAccounting under. Tripletex Les [&hellip;]","og_url":"https:\/\/nesokonomi.no\/index.php\/okonomisystemer\/","article_modified_time":"2022-08-26T14:48:56+00:00","og_image":[{"url":"https:\/\/nesokonomi.no\/wp-content\/uploads\/2022\/08\/image.png"}],"twitter_card":"summary_large_image","twitter_misc":{"Ansl. lesetid":"7 minutter"},"schema":{"@context":"https:\/\/schema.org","@graph":[{"@type":"WebPage","@id":"https:\/\/nesokonomi.no\/index.php\/okonomisystemer\/","url":"https:\/\/nesokonomi.no\/index.php\/okonomisystemer\/","name":"\u00d8konomisystemer -","isPartOf":{"@id":"https:\/\/nesokonomi.no\/#website"},"datePublished":"2022-08-22T21:04:36+00:00","dateModified":"2022-08-26T14:48:56+00:00","breadcrumb":{"@id":"https:\/\/nesokonomi.no\/index.php\/okonomisystemer\/#breadcrumb"},"inLanguage":"nb-NO","potentialAction":[{"@type":"ReadAction","target":["https:\/\/nesokonomi.no\/index.php\/okonomisystemer\/"]}]},{"@type":"BreadcrumbList","@id":"https:\/\/nesokonomi.no\/index.php\/okonomisystemer\/#breadcrumb","itemListElement":[{"@type":"ListItem","position":1,"name":"Hjem","item":"https:\/\/nesokonomi.no\/"},{"@type":"ListItem","position":2,"name":"\u00d8konomisystemer"}]},{"@type":"WebSite","@id":"https:\/\/nesokonomi.no\/#website","url":"https:\/\/nesokonomi.no\/","name":"","description":"","publisher":{"@id":"https:\/\/nesokonomi.no\/#organization"},"potentialAction":[{"@type":"SearchAction","target":{"@type":"EntryPoint","urlTemplate":"https:\/\/nesokonomi.no\/?s={search_term_string}"},"query-input":"required name=search_term_string"}],"inLanguage":"nb-NO"},{"@type":"Organization","@id":"https:\/\/nesokonomi.no\/#organization","name":"Nes \u00d8konomi","url":"https:\/\/nesokonomi.no\/","sameAs":[],"logo":{"@type":"ImageObject","inLanguage":"nb-NO","@id":"https:\/\/nesokonomi.no\/#\/schema\/logo\/image\/","url":"https:\/\/nesokonomi.no\/wp-content\/uploads\/2022\/07\/Logo_m_sky-400400.png","contentUrl":"https:\/\/nesokonomi.no\/wp-content\/uploads\/2022\/07\/Logo_m_sky-400400.png","width":400,"height":73,"caption":"Nes \u00d8konomi"},"image":{"@id":"https:\/\/nesokonomi.no\/#\/schema\/logo\/image\/"}}]}},"_links":{"self":[{"href":"https:\/\/nesokonomi.no\/index.php\/wp-json\/wp\/v2\/pages\/270"}],"collection":[{"href":"https:\/\/nesokonomi.no\/index.php\/wp-json\/wp\/v2\/pages"}],"about":[{"href":"https:\/\/nesokonomi.no\/index.php\/wp-json\/wp\/v2\/types\/page"}],"author":[{"embeddable":true,"href":"https:\/\/nesokonomi.no\/index.php\/wp-json\/wp\/v2\/users\/1"}],"replies":[{"embeddable":true,"href":"https:\/\/nesokonomi.no\/index.php\/wp-json\/wp\/v2\/comments?post=270"}],"version-history":[{"count":14,"href":"https:\/\/nesokonomi.no\/index.php\/wp-json\/wp\/v2\/pages\/270\/revisions"}],"predecessor-version":[{"id":328,"href":"https:\/\/nesokonomi.no\/index.php\/wp-json\/wp\/v2\/pages\/270\/revisions\/328"}],"wp:attachment":[{"href":"https:\/\/nesokonomi.no\/index.php\/wp-json\/wp\/v2\/media?parent=270"}],"curies":[{"name":"wp","href":"https:\/\/api.w.org\/{rel}","templated":true}]}}