{"id":16,"date":"2022-07-18T16:53:42","date_gmt":"2022-07-18T14:53:42","guid":{"rendered":"http:\/\/nesokonomi.no\/?page_id=16"},"modified":"2024-09-23T10:00:46","modified_gmt":"2024-09-23T08:00:46","slug":"kontakt-oss-2","status":"publish","type":"page","link":"https:\/\/nesokonomi.no\/index.php\/kontakt-oss-2\/","title":{"rendered":"Hvem er vi"},"content":{"rendered":"\n<div class=\"wp-block-media-text alignwide\" style=\"grid-template-columns:24% auto\"><figure class=\"wp-block-media-text__media\"><img loading=\"lazy\" decoding=\"async\" width=\"506\" height=\"500\" src=\"https:\/\/nesokonomi.no\/wp-content\/uploads\/2022\/08\/linn-profil.png\" alt=\"\" class=\"wp-image-248 size-full\" srcset=\"https:\/\/nesokonomi.no\/wp-content\/uploads\/2022\/08\/linn-profil.png 506w, https:\/\/nesokonomi.no\/wp-content\/uploads\/2022\/08\/linn-profil-300x296.png 300w\" sizes=\"(max-width: 506px) 100vw, 506px\" \/><\/figure><div class=\"wp-block-media-text__content\">\n<h2 class=\"wp-block-heading m0\" style=\"font-size:25px;font-style:normal;font-weight:400\"><strong>Linn Therese Degerdalen<\/strong><\/h2>\n\n\n\n<h3 class=\"wp-block-heading has-medium-font-size\">Daglig leder \/ Statsautorisert regnskapsf\u00f8rer<\/h3>\n\n\n\n<p>20 \u00e5rs erfaring med regnskapsarbeid for bl.a. butikk, privat skole og barnehage. Autorisert siden 2011. Sertifisert i Visma eAccounting, Tripletex og Visma eAccounting Payroll.<\/p>\n\n\n\n<p><\/p>\n\n\n\n<p><i class=\"fas fa-phone\"><\/i> 40227732 <br><a href=\"mailto:linn@nesok.no\" data-type=\"mailto\" data-id=\"mailto:linn@nesok.no\"><i class=\"fas fa-envelope\"><\/i> linn@nesok.no<\/a><br><a href=\"http:\/\/linkedin.com\/in\/linn-therese-degerdalen-1b95a6239\" target=\"_blank\" rel=\"noreferrer noopener\"><i class=\"fab fa-linkedin\"><\/i> LinkedIn-profil<\/a><\/p>\n\n\n\n<div class=\"wp-block-group is-layout-flow wp-block-group-is-layout-flow\"><div class=\"wp-block-group__inner-container\"><\/div><\/div>\n<\/div><\/div>\n\n\n\n<hr class=\"wp-block-separator has-alpha-channel-opacity is-style-dots\"\/>\n\n\n\n<div class=\"wp-block-media-text alignwide\" style=\"grid-template-columns:24% auto\"><figure class=\"wp-block-media-text__media\"><img loading=\"lazy\" decoding=\"async\" width=\"500\" height=\"500\" src=\"https:\/\/nesokonomi.no\/wp-content\/uploads\/2022\/07\/pngwing.com_.png\" alt=\"\" class=\"wp-image-84 size-full\" srcset=\"https:\/\/nesokonomi.no\/wp-content\/uploads\/2022\/07\/pngwing.com_.png 500w, https:\/\/nesokonomi.no\/wp-content\/uploads\/2022\/07\/pngwing.com_-300x300.png 300w, https:\/\/nesokonomi.no\/wp-content\/uploads\/2022\/07\/pngwing.com_-150x150.png 150w\" sizes=\"(max-width: 500px) 100vw, 500px\" \/><\/figure><div class=\"wp-block-media-text__content\">\n<h2 class=\"wp-block-heading m0\" style=\"font-size:25px\"><strong><mark style=\"background-color:rgba(0, 0, 0, 0)\" class=\"has-inline-color has-black-color\">Merete Blindheim<\/mark><\/strong><\/h2>\n\n\n\n<h3 class=\"wp-block-heading has-medium-font-size\">Statsautorisert regnskapsf\u00f8rer<\/h3>\n\n\n\n<p>Lang og bred erfaring. Autorisert i 2007. Drevet eget regnskapsbyr\u00e5 i 15 \u00e5r. Sertifisert i Tripletex. Har god kjennskap til de fleste l\u00f8nn- og regnskapsprogram. <\/p>\n\n\n\n<p><i class=\"fas fa-phone\"><\/i> 99733076<br><a href=\"mailto:merete@nesok.no\" data-type=\"mailto\" data-id=\"mailto:merete@nesok.no\"><i class=\"fas fa-envelope\"><\/i> merete@nesok.no<\/a><br><a href=\"https:\/\/www.linkedin.com\/in\/merete-blindheim-a2183990\/\" data-type=\"URL\" data-id=\"https:\/\/www.linkedin.com\/in\/merete-blindheim-a2183990\/\" target=\"_blank\" rel=\"noreferrer noopener\"><i class=\"fab fa-linkedin\"><\/i> LinkedIn-profil<\/a><\/p>\n<\/div><\/div>\n\n\n\n<div style=\"height:76px\" aria-hidden=\"true\" class=\"wp-block-spacer\"><\/div>\n\n\n\n<p><\/p>\n","protected":false},"excerpt":{"rendered":"<p>Merete Blindheim Statsautorisert regnskapsf\u00f8rer Lang og bred erfaring. Autorisert i 2007. Drevet eget regnskapsbyr\u00e5 i 15 \u00e5r. Sertifisert i Tripletex. Har god kjennskap til de fleste l\u00f8nn- og regnskapsprogram. 99733076 merete@nesok.no LinkedIn-profil<\/p>\n","protected":false},"author":1,"featured_media":0,"parent":0,"menu_order":0,"comment_status":"closed","ping_status":"closed","template":"page-templates\/pagebuilder.php","meta":{"footnotes":""},"yoast_head":"<!-- This site is optimized with the Yoast SEO plugin v19.6.1 - https:\/\/yoast.com\/wordpress\/plugins\/seo\/ -->\n<title>Hvem er vi -<\/title>\n<meta name=\"robots\" content=\"index, follow, max-snippet:-1, max-image-preview:large, max-video-preview:-1\" \/>\n<link rel=\"canonical\" href=\"https:\/\/nesokonomi.no\/index.php\/kontakt-oss-2\/\" \/>\n<meta property=\"og:locale\" content=\"nb_NO\" \/>\n<meta property=\"og:type\" content=\"article\" \/>\n<meta property=\"og:title\" content=\"Hvem er vi -\" \/>\n<meta property=\"og:description\" content=\"Merete Blindheim Statsautorisert regnskapsf\u00f8rer Lang og bred erfaring. Autorisert i 2007. Drevet eget regnskapsbyr\u00e5 i 15 \u00e5r. Sertifisert i Tripletex. Har god kjennskap til de fleste l\u00f8nn- og regnskapsprogram. 99733076 merete@nesok.no LinkedIn-profil\" \/>\n<meta property=\"og:url\" content=\"https:\/\/nesokonomi.no\/index.php\/kontakt-oss-2\/\" \/>\n<meta property=\"article:modified_time\" content=\"2024-09-23T08:00:46+00:00\" \/>\n<meta property=\"og:image\" content=\"https:\/\/nesokonomi.no\/wp-content\/uploads\/2022\/08\/linn-profil.png\" \/>\n<meta name=\"twitter:card\" content=\"summary_large_image\" \/>\n<meta name=\"twitter:label1\" content=\"Ansl. lesetid\" \/>\n\t<meta name=\"twitter:data1\" content=\"1 minutt\" \/>\n<script type=\"application\/ld+json\" class=\"yoast-schema-graph\">{\"@context\":\"https:\/\/schema.org\",\"@graph\":[{\"@type\":\"WebPage\",\"@id\":\"https:\/\/nesokonomi.no\/index.php\/kontakt-oss-2\/\",\"url\":\"https:\/\/nesokonomi.no\/index.php\/kontakt-oss-2\/\",\"name\":\"Hvem er vi -\",\"isPartOf\":{\"@id\":\"https:\/\/nesokonomi.no\/#website\"},\"datePublished\":\"2022-07-18T14:53:42+00:00\",\"dateModified\":\"2024-09-23T08:00:46+00:00\",\"breadcrumb\":{\"@id\":\"https:\/\/nesokonomi.no\/index.php\/kontakt-oss-2\/#breadcrumb\"},\"inLanguage\":\"nb-NO\",\"potentialAction\":[{\"@type\":\"ReadAction\",\"target\":[\"https:\/\/nesokonomi.no\/index.php\/kontakt-oss-2\/\"]}]},{\"@type\":\"BreadcrumbList\",\"@id\":\"https:\/\/nesokonomi.no\/index.php\/kontakt-oss-2\/#breadcrumb\",\"itemListElement\":[{\"@type\":\"ListItem\",\"position\":1,\"name\":\"Hjem\",\"item\":\"https:\/\/nesokonomi.no\/\"},{\"@type\":\"ListItem\",\"position\":2,\"name\":\"Hvem er vi\"}]},{\"@type\":\"WebSite\",\"@id\":\"https:\/\/nesokonomi.no\/#website\",\"url\":\"https:\/\/nesokonomi.no\/\",\"name\":\"\",\"description\":\"\",\"publisher\":{\"@id\":\"https:\/\/nesokonomi.no\/#organization\"},\"potentialAction\":[{\"@type\":\"SearchAction\",\"target\":{\"@type\":\"EntryPoint\",\"urlTemplate\":\"https:\/\/nesokonomi.no\/?s={search_term_string}\"},\"query-input\":\"required name=search_term_string\"}],\"inLanguage\":\"nb-NO\"},{\"@type\":\"Organization\",\"@id\":\"https:\/\/nesokonomi.no\/#organization\",\"name\":\"Nes \u00d8konomi\",\"url\":\"https:\/\/nesokonomi.no\/\",\"sameAs\":[],\"logo\":{\"@type\":\"ImageObject\",\"inLanguage\":\"nb-NO\",\"@id\":\"https:\/\/nesokonomi.no\/#\/schema\/logo\/image\/\",\"url\":\"https:\/\/nesokonomi.no\/wp-content\/uploads\/2022\/07\/Logo_m_sky-400400.png\",\"contentUrl\":\"https:\/\/nesokonomi.no\/wp-content\/uploads\/2022\/07\/Logo_m_sky-400400.png\",\"width\":400,\"height\":73,\"caption\":\"Nes \u00d8konomi\"},\"image\":{\"@id\":\"https:\/\/nesokonomi.no\/#\/schema\/logo\/image\/\"}}]}<\/script>\n<!-- \/ Yoast SEO plugin. -->","yoast_head_json":{"title":"Hvem er vi -","robots":{"index":"index","follow":"follow","max-snippet":"max-snippet:-1","max-image-preview":"max-image-preview:large","max-video-preview":"max-video-preview:-1"},"canonical":"https:\/\/nesokonomi.no\/index.php\/kontakt-oss-2\/","og_locale":"nb_NO","og_type":"article","og_title":"Hvem er vi -","og_description":"Merete Blindheim Statsautorisert regnskapsf\u00f8rer Lang og bred erfaring. Autorisert i 2007. Drevet eget regnskapsbyr\u00e5 i 15 \u00e5r. Sertifisert i Tripletex. Har god kjennskap til de fleste l\u00f8nn- og regnskapsprogram. 99733076 merete@nesok.no LinkedIn-profil","og_url":"https:\/\/nesokonomi.no\/index.php\/kontakt-oss-2\/","article_modified_time":"2024-09-23T08:00:46+00:00","og_image":[{"url":"https:\/\/nesokonomi.no\/wp-content\/uploads\/2022\/08\/linn-profil.png"}],"twitter_card":"summary_large_image","twitter_misc":{"Ansl. lesetid":"1 minutt"},"schema":{"@context":"https:\/\/schema.org","@graph":[{"@type":"WebPage","@id":"https:\/\/nesokonomi.no\/index.php\/kontakt-oss-2\/","url":"https:\/\/nesokonomi.no\/index.php\/kontakt-oss-2\/","name":"Hvem er vi -","isPartOf":{"@id":"https:\/\/nesokonomi.no\/#website"},"datePublished":"2022-07-18T14:53:42+00:00","dateModified":"2024-09-23T08:00:46+00:00","breadcrumb":{"@id":"https:\/\/nesokonomi.no\/index.php\/kontakt-oss-2\/#breadcrumb"},"inLanguage":"nb-NO","potentialAction":[{"@type":"ReadAction","target":["https:\/\/nesokonomi.no\/index.php\/kontakt-oss-2\/"]}]},{"@type":"BreadcrumbList","@id":"https:\/\/nesokonomi.no\/index.php\/kontakt-oss-2\/#breadcrumb","itemListElement":[{"@type":"ListItem","position":1,"name":"Hjem","item":"https:\/\/nesokonomi.no\/"},{"@type":"ListItem","position":2,"name":"Hvem er vi"}]},{"@type":"WebSite","@id":"https:\/\/nesokonomi.no\/#website","url":"https:\/\/nesokonomi.no\/","name":"","description":"","publisher":{"@id":"https:\/\/nesokonomi.no\/#organization"},"potentialAction":[{"@type":"SearchAction","target":{"@type":"EntryPoint","urlTemplate":"https:\/\/nesokonomi.no\/?s={search_term_string}"},"query-input":"required name=search_term_string"}],"inLanguage":"nb-NO"},{"@type":"Organization","@id":"https:\/\/nesokonomi.no\/#organization","name":"Nes \u00d8konomi","url":"https:\/\/nesokonomi.no\/","sameAs":[],"logo":{"@type":"ImageObject","inLanguage":"nb-NO","@id":"https:\/\/nesokonomi.no\/#\/schema\/logo\/image\/","url":"https:\/\/nesokonomi.no\/wp-content\/uploads\/2022\/07\/Logo_m_sky-400400.png","contentUrl":"https:\/\/nesokonomi.no\/wp-content\/uploads\/2022\/07\/Logo_m_sky-400400.png","width":400,"height":73,"caption":"Nes \u00d8konomi"},"image":{"@id":"https:\/\/nesokonomi.no\/#\/schema\/logo\/image\/"}}]}},"_links":{"self":[{"href":"https:\/\/nesokonomi.no\/index.php\/wp-json\/wp\/v2\/pages\/16"}],"collection":[{"href":"https:\/\/nesokonomi.no\/index.php\/wp-json\/wp\/v2\/pages"}],"about":[{"href":"https:\/\/nesokonomi.no\/index.php\/wp-json\/wp\/v2\/types\/page"}],"author":[{"embeddable":true,"href":"https:\/\/nesokonomi.no\/index.php\/wp-json\/wp\/v2\/users\/1"}],"replies":[{"embeddable":true,"href":"https:\/\/nesokonomi.no\/index.php\/wp-json\/wp\/v2\/comments?post=16"}],"version-history":[{"count":47,"href":"https:\/\/nesokonomi.no\/index.php\/wp-json\/wp\/v2\/pages\/16\/revisions"}],"predecessor-version":[{"id":362,"href":"https:\/\/nesokonomi.no\/index.php\/wp-json\/wp\/v2\/pages\/16\/revisions\/362"}],"wp:attachment":[{"href":"https:\/\/nesokonomi.no\/index.php\/wp-json\/wp\/v2\/media?parent=16"}],"curies":[{"name":"wp","href":"https:\/\/api.w.org\/{rel}","templated":true}]}}